{"id":433,"date":"2015-04-09T20:43:31","date_gmt":"2015-04-09T20:43:31","guid":{"rendered":"http:\/\/canopypro.com\/new\/?page_id=433"},"modified":"2015-04-22T12:21:30","modified_gmt":"2015-04-22T12:21:30","slug":"quienes-somos","status":"publish","type":"page","link":"https:\/\/canopypro.com\/?page_id=433","title":{"rendered":"QUIENES SOMOS"},"content":{"rendered":"<div class=\"flex_column av_one_half  flex_column_div first  avia-builder-el-0  el_before_av_one_half  avia-builder-el-first  \" ><div   data-size='entry_with_sidebar'  data-lightbox_size='large'  data-animation='slide'  data-conditional_play=''  data-ids='555,556,561,560,559,558,557,583,582,581,580,579,578,577,576,573,572,571,570,569,568,567,566,565,562,588,587,586,599,598,597,596,593,592,591,590,589'  data-video_counter='0'  data-autoplay='false'  data-bg_slider='false'  data-slide_height=''  data-handle='av_slideshow'  data-interval='5'  data-class=' avia-builder-el-1  avia-builder-el-no-sibling  '  data-el_id=''  data-css_id=''  data-scroll_down=''  data-control_layout=''  data-custom_markup=''  data-perma_caption=''  data-autoplay_stopper=''  data-image_attachment=''  data-min_height='0px'  data-lazy_loading='disabled'  data-default-height='37.988165680473'  class='avia-slideshow avia-slideshow-1  av-default-height-applied avia-slideshow-entry_with_sidebar av_slideshow  avia-builder-el-1  avia-builder-el-no-sibling   avia-slide-slider '  itemprop=\"image\" itemscope=\"itemscope\" itemtype=\"https:\/\/schema.org\/ImageObject\" ><ul class='avia-slideshow-inner ' style='padding-bottom: 51.607717041801%;' ><li  class=' slide-1 ' ><div data-rel='slideshow-1' class='avia-slide-wrap '   ><img decoding=\"async\" class=\"wp-image-555 avia-img-lazy-loading-not-555\"  src=\"https:\/\/canopypro.com\/wp-content\/uploads\/2015\/04\/Copia-de-DSC00804-622x321.jpg\" width=\"622\" height=\"321\" title='Copia de DSC00804' alt=''  itemprop=\"thumbnailUrl\"   \/><\/div><\/li><li  class=' slide-2 ' ><div data-rel='slideshow-1' class='avia-slide-wrap '   ><img decoding=\"async\" class=\"wp-image-556 avia-img-lazy-loading-not-556\"  src=\"https:\/\/canopypro.com\/wp-content\/uploads\/2015\/04\/DSC00606-830x321.jpg\" width=\"830\" height=\"321\" title='DSC00606' alt=''  itemprop=\"thumbnailUrl\"   \/><\/div><\/li><li  class=' slide-3 ' ><div data-rel='slideshow-1' class='avia-slide-wrap '   ><img decoding=\"async\" class=\"wp-image-561 avia-img-lazy-loading-not-561\"  src=\"https:\/\/canopypro.com\/wp-content\/uploads\/2015\/04\/DSC00875-830x321.jpg\" width=\"830\" height=\"321\" title='DSC00875' alt=''  itemprop=\"thumbnailUrl\"   \/><\/div><\/li><li  class=' slide-4 ' ><div data-rel='slideshow-1' class='avia-slide-wrap '   ><img decoding=\"async\" class=\"wp-image-560 avia-img-lazy-loading-not-560\"  src=\"https:\/\/canopypro.com\/wp-content\/uploads\/2015\/04\/DSC00840-622x321.jpg\" width=\"622\" height=\"321\" title='DSC00840' alt=''  itemprop=\"thumbnailUrl\"   \/><\/div><\/li><li  class=' slide-5 ' ><div data-rel='slideshow-1' class='avia-slide-wrap '   ><img decoding=\"async\" class=\"wp-image-559 avia-img-lazy-loading-not-559\"  src=\"https:\/\/canopypro.com\/wp-content\/uploads\/2015\/04\/DSC00750-622x321.jpg\" width=\"622\" height=\"321\" title='DSC00750' alt=''  itemprop=\"thumbnailUrl\"   \/><\/div><\/li><li  class=' slide-6 ' ><div data-rel='slideshow-1' class='avia-slide-wrap '   ><img decoding=\"async\" class=\"wp-image-558 avia-img-lazy-loading-not-558\"  src=\"https:\/\/canopypro.com\/wp-content\/uploads\/2015\/04\/DSC00698-622x321.jpg\" width=\"622\" height=\"321\" title='DSC00698' alt=''  itemprop=\"thumbnailUrl\"   \/><\/div><\/li><li  class=' slide-7 ' ><div data-rel='slideshow-1' class='avia-slide-wrap '   ><img decoding=\"async\" class=\"wp-image-557 avia-img-lazy-loading-not-557\"  src=\"https:\/\/canopypro.com\/wp-content\/uploads\/2015\/04\/DSC00647-622x321.jpg\" width=\"622\" height=\"321\" title='DSC00647' alt=''  itemprop=\"thumbnailUrl\"   \/><\/div><\/li><li  class=' slide-8 ' ><div data-rel='slideshow-1' class='avia-slide-wrap '   ><img decoding=\"async\" class=\"wp-image-583 avia-img-lazy-loading-not-583\"  src=\"https:\/\/canopypro.com\/wp-content\/uploads\/2015\/04\/DSC06858-845x321.jpg\" width=\"845\" height=\"321\" title='DSC06858' alt=''  itemprop=\"thumbnailUrl\"   \/><\/div><\/li><li  class=' slide-9 ' ><div data-rel='slideshow-1' class='avia-slide-wrap '   ><img decoding=\"async\" class=\"wp-image-582 avia-img-lazy-loading-not-582\"  src=\"https:\/\/canopypro.com\/wp-content\/uploads\/2015\/04\/DSC03773-845x321.jpg\" width=\"845\" height=\"321\" title='DSC03773' alt=''  itemprop=\"thumbnailUrl\"   \/><\/div><\/li><li  class=' slide-10 ' ><div data-rel='slideshow-1' class='avia-slide-wrap '   ><img decoding=\"async\" class=\"wp-image-581 avia-img-lazy-loading-not-581\"  src=\"https:\/\/canopypro.com\/wp-content\/uploads\/2015\/04\/DSC03426-640x321.jpg\" width=\"640\" height=\"321\" title='DSC03426' alt=''  itemprop=\"thumbnailUrl\"   \/><\/div><\/li><li  class=' slide-11 ' ><div data-rel='slideshow-1' class='avia-slide-wrap '   ><img decoding=\"async\" class=\"wp-image-580 avia-img-lazy-loading-not-580\"  src=\"https:\/\/canopypro.com\/wp-content\/uploads\/2015\/04\/DSC01420-672x321.jpg\" width=\"672\" height=\"321\" title='DSC01420' alt=''  itemprop=\"thumbnailUrl\"   \/><\/div><\/li><li  class=' slide-12 ' ><div data-rel='slideshow-1' class='avia-slide-wrap '   ><img decoding=\"async\" class=\"wp-image-579 avia-img-lazy-loading-not-579\"  src=\"https:\/\/canopypro.com\/wp-content\/uploads\/2015\/04\/DSC01416-672x321.jpg\" width=\"672\" height=\"321\" title='DSC01416' alt=''  itemprop=\"thumbnailUrl\"   \/><\/div><\/li><li  class=' slide-13 ' ><div data-rel='slideshow-1' class='avia-slide-wrap '   ><img decoding=\"async\" class=\"wp-image-578 avia-img-lazy-loading-not-578\"  src=\"https:\/\/canopypro.com\/wp-content\/uploads\/2015\/04\/DSC01415-672x321.jpg\" width=\"672\" height=\"321\" title='DSC01415' alt=''  itemprop=\"thumbnailUrl\"   \/><\/div><\/li><li  class=' slide-14 ' ><div data-rel='slideshow-1' class='avia-slide-wrap '   ><img decoding=\"async\" class=\"wp-image-577 avia-img-lazy-loading-not-577\"  src=\"https:\/\/canopypro.com\/wp-content\/uploads\/2015\/04\/DSC01411-672x321.jpg\" width=\"672\" height=\"321\" title='DSC01411' alt=''  itemprop=\"thumbnailUrl\"   \/><\/div><\/li><li  class=' slide-15 ' ><div data-rel='slideshow-1' class='avia-slide-wrap '   ><img decoding=\"async\" class=\"wp-image-576 avia-img-lazy-loading-not-576\"  src=\"https:\/\/canopypro.com\/wp-content\/uploads\/2015\/04\/DSC00676-845x321.jpg\" width=\"845\" height=\"321\" title='DSC00676' alt=''  itemprop=\"thumbnailUrl\"   \/><\/div><\/li><li  class=' slide-16 ' ><div data-rel='slideshow-1' class='avia-slide-wrap '   ><img decoding=\"async\" class=\"wp-image-573 avia-img-lazy-loading-not-573\"  src=\"https:\/\/canopypro.com\/wp-content\/uploads\/2015\/04\/Imagen110-420x321.jpg\" width=\"420\" height=\"321\" title='Imagen110' alt=''  itemprop=\"thumbnailUrl\"   \/><\/div><\/li><li  class=' slide-17 ' ><div data-rel='slideshow-1' class='avia-slide-wrap '   ><img decoding=\"async\" class=\"wp-image-572 avia-img-lazy-loading-not-572\"  src=\"https:\/\/canopypro.com\/wp-content\/uploads\/2015\/04\/DSC01135-538x321.jpg\" width=\"538\" height=\"321\" title='DSC01135' alt=''  itemprop=\"thumbnailUrl\"   \/><\/div><\/li><li  class=' slide-18 ' ><div data-rel='slideshow-1' class='avia-slide-wrap '   ><img decoding=\"async\" class=\"wp-image-571 avia-img-lazy-loading-not-571\"  src=\"https:\/\/canopypro.com\/wp-content\/uploads\/2015\/04\/DSC01134-538x321.jpg\" width=\"538\" height=\"321\" title='DSC01134' alt=''  itemprop=\"thumbnailUrl\"   \/><\/div><\/li><li  class=' slide-19 ' ><div data-rel='slideshow-1' class='avia-slide-wrap '   ><img decoding=\"async\" class=\"wp-image-570 avia-img-lazy-loading-not-570\"  src=\"https:\/\/canopypro.com\/wp-content\/uploads\/2015\/04\/DSC01130-806x321.jpg\" width=\"806\" height=\"321\" title='DSC01130' alt=''  itemprop=\"thumbnailUrl\"   \/><\/div><\/li><li  class=' slide-20 ' ><div data-rel='slideshow-1' class='avia-slide-wrap '   ><img decoding=\"async\" class=\"wp-image-569 avia-img-lazy-loading-not-569\"  src=\"https:\/\/canopypro.com\/wp-content\/uploads\/2015\/04\/DSC01129-806x321.jpg\" width=\"806\" height=\"321\" title='DSC01129' alt=''  itemprop=\"thumbnailUrl\"   \/><\/div><\/li><li  class=' slide-21 ' ><div data-rel='slideshow-1' class='avia-slide-wrap '   ><img decoding=\"async\" class=\"wp-image-568 avia-img-lazy-loading-not-568\"  src=\"https:\/\/canopypro.com\/wp-content\/uploads\/2015\/04\/DSC01078-717x321.jpg\" width=\"717\" height=\"321\" title='DSC01078' alt=''  itemprop=\"thumbnailUrl\"   \/><\/div><\/li><li  class=' slide-22 ' ><div data-rel='slideshow-1' class='avia-slide-wrap '   ><img decoding=\"async\" class=\"wp-image-567 avia-img-lazy-loading-not-567\"  src=\"https:\/\/canopypro.com\/wp-content\/uploads\/2015\/04\/DSC01070-717x321.jpg\" width=\"717\" height=\"321\" title='DSC01070' alt=''  itemprop=\"thumbnailUrl\"   \/><\/div><\/li><li  class=' slide-23 ' ><div data-rel='slideshow-1' class='avia-slide-wrap '   ><img decoding=\"async\" class=\"wp-image-566 avia-img-lazy-loading-not-566\"  src=\"https:\/\/canopypro.com\/wp-content\/uploads\/2015\/04\/DSC01046-538x321.jpg\" width=\"538\" height=\"321\" title='DSC01046' alt=''  itemprop=\"thumbnailUrl\"   \/><\/div><\/li><li  class=' slide-24 ' ><div data-rel='slideshow-1' class='avia-slide-wrap '   ><img decoding=\"async\" class=\"wp-image-565 avia-img-lazy-loading-not-565\"  src=\"https:\/\/canopypro.com\/wp-content\/uploads\/2015\/04\/DSC01042-717x321.jpg\" width=\"717\" height=\"321\" title='DSC01042' alt=''  itemprop=\"thumbnailUrl\"   \/><\/div><\/li><li  class=' slide-25 ' ><div data-rel='slideshow-1' class='avia-slide-wrap '   ><img decoding=\"async\" class=\"wp-image-562 avia-img-lazy-loading-not-562\"  src=\"https:\/\/canopypro.com\/wp-content\/uploads\/2015\/04\/esqueleto-830x321.jpg\" width=\"830\" height=\"321\" title='esqueleto' alt=''  itemprop=\"thumbnailUrl\"   \/><\/div><\/li><li  class=' slide-26 ' ><div data-rel='slideshow-1' class='avia-slide-wrap '   ><img decoding=\"async\" class=\"wp-image-588 avia-img-lazy-loading-not-588\"  src=\"https:\/\/canopypro.com\/wp-content\/uploads\/2015\/04\/407169_131292496992279_1630519762_n-639x321.jpg\" width=\"639\" height=\"321\" title='407169_131292496992279_1630519762_n' alt=''  itemprop=\"thumbnailUrl\"   \/><\/div><\/li><li  class=' slide-27 ' ><div data-rel='slideshow-1' class='avia-slide-wrap '   ><img decoding=\"async\" class=\"wp-image-587 avia-img-lazy-loading-not-587\"  src=\"https:\/\/canopypro.com\/wp-content\/uploads\/2015\/04\/394138_131289943659201_1149094799_n-845x321.jpg\" width=\"845\" height=\"321\" title='394138_131289943659201_1149094799_n' alt=''  itemprop=\"thumbnailUrl\"   \/><\/div><\/li><li  class=' slide-28 ' ><div data-rel='slideshow-1' class='avia-slide-wrap '   ><img decoding=\"async\" class=\"wp-image-586 avia-img-lazy-loading-not-586\"  src=\"https:\/\/canopypro.com\/wp-content\/uploads\/2015\/04\/59736_355640977890762_1359052130_n-720x321.jpg\" width=\"720\" height=\"321\" title='59736_355640977890762_1359052130_n' alt=''  itemprop=\"thumbnailUrl\"   \/><\/div><\/li><li  class=' slide-29 ' ><div data-rel='slideshow-1' class='avia-slide-wrap '   ><img decoding=\"async\" class=\"wp-image-599 avia-img-lazy-loading-not-599\"  src=\"https:\/\/canopypro.com\/wp-content\/uploads\/2015\/04\/exploradores-5-730x321.jpg\" width=\"730\" height=\"321\" title='exploradores-5' alt=''  itemprop=\"thumbnailUrl\"   \/><\/div><\/li><li  class=' slide-30 ' ><div data-rel='slideshow-1' class='avia-slide-wrap '   ><img decoding=\"async\" class=\"wp-image-598 avia-img-lazy-loading-not-598\"  src=\"https:\/\/canopypro.com\/wp-content\/uploads\/2015\/04\/exploradores-4-410x321.jpg\" width=\"410\" height=\"321\" title='exploradores-4' alt=''  itemprop=\"thumbnailUrl\"   \/><\/div><\/li><li  class=' slide-31 ' ><div data-rel='slideshow-1' class='avia-slide-wrap '   ><img decoding=\"async\" class=\"wp-image-597 avia-img-lazy-loading-not-597\"  src=\"https:\/\/canopypro.com\/wp-content\/uploads\/2015\/04\/exploradores-3-730x321.jpg\" width=\"730\" height=\"321\" title='exploradores-3' alt=''  itemprop=\"thumbnailUrl\"   \/><\/div><\/li><li  class=' slide-32 ' ><div data-rel='slideshow-1' class='avia-slide-wrap '   ><img decoding=\"async\" class=\"wp-image-596 avia-img-lazy-loading-not-596\"  src=\"https:\/\/canopypro.com\/wp-content\/uploads\/2015\/04\/exploradores-2-730x321.jpg\" width=\"730\" height=\"321\" title='exploradores-2' alt=''  itemprop=\"thumbnailUrl\"   \/><\/div><\/li><li  class=' slide-33 ' ><div data-rel='slideshow-1' class='avia-slide-wrap '   ><img decoding=\"async\" class=\"wp-image-593 avia-img-lazy-loading-not-593\"  src=\"https:\/\/canopypro.com\/wp-content\/uploads\/2015\/04\/SAM_0075-778x321.jpg\" width=\"778\" height=\"321\" title='SAM_0075' alt=''  itemprop=\"thumbnailUrl\"   \/><\/div><\/li><li  class=' slide-34 ' ><div data-rel='slideshow-1' class='avia-slide-wrap '   ><img decoding=\"async\" class=\"wp-image-592 avia-img-lazy-loading-not-592\"  src=\"https:\/\/canopypro.com\/wp-content\/uploads\/2015\/04\/1001543_404251593029700_1831291685_n-845x321.jpg\" width=\"845\" height=\"321\" title='1001543_404251593029700_1831291685_n' alt=''  itemprop=\"thumbnailUrl\"   \/><\/div><\/li><li  class=' slide-35 ' ><div data-rel='slideshow-1' class='avia-slide-wrap '   ><img decoding=\"async\" class=\"wp-image-591 avia-img-lazy-loading-not-591\"  src=\"https:\/\/canopypro.com\/wp-content\/uploads\/2015\/04\/555839_361979793923547_1423320357_n-541x321.jpg\" width=\"541\" height=\"321\" title='555839_361979793923547_1423320357_n' alt=''  itemprop=\"thumbnailUrl\"   \/><\/div><\/li><li  class=' slide-36 ' ><div data-rel='slideshow-1' class='avia-slide-wrap '   ><img decoding=\"async\" class=\"wp-image-590 avia-img-lazy-loading-not-590\"  src=\"https:\/\/canopypro.com\/wp-content\/uploads\/2015\/04\/548108_238977372890457_387040837_n-720x321.jpg\" width=\"720\" height=\"321\" title='548108_238977372890457_387040837_n' alt=''  itemprop=\"thumbnailUrl\"   \/><\/div><\/li><li  class=' slide-37 ' ><div data-rel='slideshow-1' class='avia-slide-wrap '   ><img decoding=\"async\" class=\"wp-image-589 avia-img-lazy-loading-not-589\"  src=\"https:\/\/canopypro.com\/wp-content\/uploads\/2015\/04\/422928_131290126992516_724057003_n-845x321.jpg\" width=\"845\" height=\"321\" title='422928_131290126992516_724057003_n' alt=''  itemprop=\"thumbnailUrl\"   \/><\/div><\/li><\/ul><div class='avia-slideshow-arrows avia-slideshow-controls'><a href='#prev' class='prev-slide' aria-hidden='true' data-av_icon='\ue87c' data-av_iconfont='entypo-fontello'>Anterior<\/a><a href='#next' class='next-slide' aria-hidden='true' data-av_icon='\ue87d' data-av_iconfont='entypo-fontello'>Posterior<\/a><\/div><div class='avia-slideshow-dots avia-slideshow-controls'><a href='#1' class='goto-slide active' >1<\/a><a href='#2' class='goto-slide ' >2<\/a><a href='#3' class='goto-slide ' >3<\/a><a href='#4' class='goto-slide ' >4<\/a><a href='#5' class='goto-slide ' >5<\/a><a href='#6' class='goto-slide ' >6<\/a><a href='#7' class='goto-slide ' >7<\/a><a href='#8' class='goto-slide ' >8<\/a><a href='#9' class='goto-slide ' >9<\/a><a href='#10' class='goto-slide ' >10<\/a><a href='#11' class='goto-slide ' >11<\/a><a href='#12' class='goto-slide ' >12<\/a><a href='#13' class='goto-slide ' >13<\/a><a href='#14' class='goto-slide ' >14<\/a><a href='#15' class='goto-slide ' >15<\/a><a href='#16' class='goto-slide ' >16<\/a><a href='#17' class='goto-slide ' >17<\/a><a href='#18' class='goto-slide ' >18<\/a><a href='#19' class='goto-slide ' >19<\/a><a href='#20' class='goto-slide ' >20<\/a><a href='#21' class='goto-slide ' >21<\/a><a href='#22' class='goto-slide ' >22<\/a><a href='#23' class='goto-slide ' >23<\/a><a href='#24' class='goto-slide ' >24<\/a><a href='#25' class='goto-slide ' >25<\/a><a href='#26' class='goto-slide ' >26<\/a><a href='#27' class='goto-slide ' >27<\/a><a href='#28' class='goto-slide ' >28<\/a><a href='#29' class='goto-slide ' >29<\/a><a href='#30' class='goto-slide ' >30<\/a><a href='#31' class='goto-slide ' >31<\/a><a href='#32' class='goto-slide ' >32<\/a><a href='#33' class='goto-slide ' >33<\/a><a href='#34' class='goto-slide ' >34<\/a><a href='#35' class='goto-slide ' >35<\/a><a href='#36' class='goto-slide ' >36<\/a><a href='#37' class='goto-slide ' >37<\/a><\/div><\/div><\/div><div class=\"flex_column av_one_half  flex_column_div   avia-builder-el-2  el_after_av_one_half  avia-builder-el-last  \" ><p><div  style='padding-bottom:10px; ' class='av-special-heading av-special-heading-h3    avia-builder-el-3  el_before_av_textblock  avia-builder-el-first  '><h3 class='av-special-heading-tag '  itemprop=\"headline\"  >QUIENES SOMOS<\/h3><div class='special-heading-border'><div class='special-heading-inner-border' ><\/div><\/div><\/div><br \/>\n<section class=\"av_textblock_section \"  itemscope=\"itemscope\" itemtype=\"https:\/\/schema.org\/CreativeWork\" ><div class='avia_textblock  '   itemprop=\"text\" ><p>Somos un equipo de expertos con 12 a\u00f1os y selectos clientes en Chile y Argentina, operando con \u00e9xito t\u00e9cnico y comercial nuestros circuitos, v\u00edas y parques.<br \/>\nEllos reciben en forma permanente nuestro soporte, capacitaci\u00f3n e innovaci\u00f3n,<\/p>\n<\/div><\/section><\/p><\/div><\/p>\n","protected":false},"excerpt":{"rendered":"","protected":false},"author":1,"featured_media":0,"parent":0,"menu_order":0,"comment_status":"open","ping_status":"open","template":"","meta":{"footnotes":""},"_links":{"self":[{"href":"https:\/\/canopypro.com\/index.php?rest_route=\/wp\/v2\/pages\/433"}],"collection":[{"href":"https:\/\/canopypro.com\/index.php?rest_route=\/wp\/v2\/pages"}],"about":[{"href":"https:\/\/canopypro.com\/index.php?rest_route=\/wp\/v2\/types\/page"}],"author":[{"embeddable":true,"href":"https:\/\/canopypro.com\/index.php?rest_route=\/wp\/v2\/users\/1"}],"replies":[{"embeddable":true,"href":"https:\/\/canopypro.com\/index.php?rest_route=%2Fwp%2Fv2%2Fcomments&post=433"}],"version-history":[{"count":5,"href":"https:\/\/canopypro.com\/index.php?rest_route=\/wp\/v2\/pages\/433\/revisions"}],"predecessor-version":[{"id":762,"href":"https:\/\/canopypro.com\/index.php?rest_route=\/wp\/v2\/pages\/433\/revisions\/762"}],"wp:attachment":[{"href":"https:\/\/canopypro.com\/index.php?rest_route=%2Fwp%2Fv2%2Fmedia&parent=433"}],"curies":[{"name":"wp","href":"https:\/\/api.w.org\/{rel}","templated":true}]}}