{"id":435,"date":"2015-04-09T20:44:00","date_gmt":"2015-04-09T20:44:00","guid":{"rendered":"http:\/\/canopypro.com\/new\/?page_id=435"},"modified":"2015-07-14T15:20:26","modified_gmt":"2015-07-14T15:20:26","slug":"nuestras-obras","status":"publish","type":"page","link":"https:\/\/canopypro.com\/?page_id=435","title":{"rendered":"NUESTRAS OBRAS"},"content":{"rendered":"<div  class='av-hotspot-image-container   avia_animated_image avia_animate_when_almost_visible fade-in av-hotspot-blank av-mobile-fallback-active  av-permanent-tooltip  avia-builder-el-0  el_before_av_heading  avia-builder-el-first  av-non-fullwidth-hotspot-image'  itemprop=\"image\" itemscope=\"itemscope\" itemtype=\"https:\/\/schema.org\/ImageObject\" ><div class='av-hotspot-container'><div class='av-hotspot-container-inner-cell'><div class='av-hotspot-container-inner-wrap'><div class='av-image-hotspot av-image-hotspot-1 av-permanent-tooltip' data-avia-tooltip-position='top' data-avia-tooltip-alignment='right' data-avia-tooltip-class='av-tt-default-width av-tt-pos-above av-tt-align-right  av-mobile-fallback-active  av-permanent-tooltip-single  transparent_dark av-tt-hotspot' data-avia-tooltip='&lt;p&gt;CANOPY PLAYA BLANCA&lt;\/p&gt;\n' style='top: 45.8%; left: 96.2%; '><a href=https:\/\/canopypro.com\/?p=585  class='av-image-hotspot_inner' style='background-color: #b02b2c; '>1<\/a><div class='av-image-hotspot-pulse' style='background-color:#b02b2c;'><\/div><\/div><div class='av-image-hotspot av-image-hotspot-2 av-permanent-tooltip' data-avia-tooltip-position='top' data-avia-tooltip-alignment='left' data-avia-tooltip-class='av-tt-default-width av-tt-pos-above av-tt-align-left  av-mobile-fallback-active  av-permanent-tooltip-single  transparent_dark av-tt-hotspot' data-avia-tooltip='&lt;p&gt;CANOPY BOSQUE AVENTURA&lt;\/p&gt;\n' style='top: 35.2%; left: 70.6%; '><a href=https:\/\/canopypro.com\/?p=546  class='av-image-hotspot_inner' style='background-color: #b02b2c; '>2<\/a><div class='av-image-hotspot-pulse' style='background-color:#b02b2c;'><\/div><\/div><div class='av-image-hotspot av-image-hotspot-3 av-permanent-tooltip' data-avia-tooltip-position='top' data-avia-tooltip-alignment='left' data-avia-tooltip-class='av-tt-default-width av-tt-pos-above av-tt-align-left  av-mobile-fallback-active  av-permanent-tooltip-single  transparent_dark av-tt-hotspot' data-avia-tooltip='&lt;p&gt;CANOPY CHOLLINCO&lt;\/p&gt;\n' style='top: 62.7%; left: 68.7%; '><a href=https:\/\/canopypro.com\/?p=536  class='av-image-hotspot_inner' style='background-color: #b02b2c; '>3<\/a><div class='av-image-hotspot-pulse' style='background-color:#b02b2c;'><\/div><\/div><div class='av-image-hotspot av-image-hotspot-4 av-permanent-tooltip' data-avia-tooltip-position='right' data-avia-tooltip-alignment='centered' data-avia-tooltip-class='av-tt-default-width av-tt-pos-right av-tt-align-centered  av-mobile-fallback-active  av-permanent-tooltip-single  transparent_dark av-tt-hotspot' data-avia-tooltip='&lt;p&gt;CANOPY CHAPELCO&lt;\/p&gt;\n' style='top: 82.6%; left: 66.3%; '><a href=https:\/\/canopypro.com\/?p=554  class='av-image-hotspot_inner' style='background-color: #b02b2c; '>4<\/a><div class='av-image-hotspot-pulse' style='background-color:#b02b2c;'><\/div><\/div><div class='av-image-hotspot av-image-hotspot-5 av-permanent-tooltip' data-avia-tooltip-position='bottom' data-avia-tooltip-alignment='right' data-avia-tooltip-class='av-tt-default-width av-tt-pos-below av-tt-align-right  av-mobile-fallback-active  av-permanent-tooltip-single  transparent_dark av-tt-hotspot' data-avia-tooltip='&lt;p&gt;ARBORISMO CHAPELCO&lt;\/p&gt;\n' style='top: 89.4%; left: 66.6%; '><a href=https:\/\/canopypro.com\/?p=564  class='av-image-hotspot_inner' style='background-color: #b02b2c; '>5<\/a><div class='av-image-hotspot-pulse' style='background-color:#b02b2c;'><\/div><\/div><div class='av-image-hotspot av-image-hotspot-6 av-permanent-tooltip' data-avia-tooltip-position='bottom' data-avia-tooltip-alignment='left' data-avia-tooltip-class='av-tt-default-width av-tt-pos-below av-tt-align-left  av-mobile-fallback-active  av-permanent-tooltip-single  transparent_dark av-tt-hotspot' data-avia-tooltip='&lt;p&gt;CANOPY PUYEHUE&lt;\/p&gt;\n' style='top: 59.7%; left: 63%; '><a href=https:\/\/canopypro.com\/?p=505  class='av-image-hotspot_inner' style='background-color: #b02b2c; '>6<\/a><div class='av-image-hotspot-pulse' style='background-color:#b02b2c;'><\/div><\/div><div class='av-image-hotspot av-image-hotspot-7 av-permanent-tooltip' data-avia-tooltip-position='left' data-avia-tooltip-alignment='bottom' data-avia-tooltip-class='av-tt-default-width av-tt-pos-left av-tt-align-bottom  av-mobile-fallback-active  av-permanent-tooltip-single  transparent_dark av-tt-hotspot' data-avia-tooltip='&lt;p&gt;CANOPY CASCADA&lt;\/p&gt;\n' style='top: 57.2%; left: 58.7%; '><a href=https:\/\/canopypro.com\/?p=502  class='av-image-hotspot_inner' style='background-color: #b02b2c; '>7<\/a><div class='av-image-hotspot-pulse' style='background-color:#b02b2c;'><\/div><\/div><div class='av-image-hotspot av-image-hotspot-8 av-permanent-tooltip' data-avia-tooltip-position='top' data-avia-tooltip-alignment='left' data-avia-tooltip-class='av-tt-default-width av-tt-pos-above av-tt-align-left  av-mobile-fallback-active  av-permanent-tooltip-single  transparent_dark av-tt-hotspot' data-avia-tooltip='&lt;p&gt;CANOPY AVENTURA&lt;\/p&gt;\n' style='top: 46.2%; left: 58.7%; '><a href=https:\/\/canopypro.com\/?p=512  class='av-image-hotspot_inner' style='background-color: #b02b2c; '>8<\/a><div class='av-image-hotspot-pulse' style='background-color:#b02b2c;'><\/div><\/div><div class='av-image-hotspot av-image-hotspot-9 av-permanent-tooltip' data-avia-tooltip-position='left' data-avia-tooltip-alignment='centered' data-avia-tooltip-class='av-tt-default-width av-tt-pos-left av-tt-align-centered  av-mobile-fallback-active  av-permanent-tooltip-single  transparent_dark av-tt-hotspot' data-avia-tooltip='&lt;p&gt;CANOPY PEULLA&lt;\/p&gt;\n' style='top: 68.3%; left: 58.7%; '><a href=https:\/\/canopypro.com\/?p=525  class='av-image-hotspot_inner' style='background-color: #b02b2c; '>9<\/a><div class='av-image-hotspot-pulse' style='background-color:#b02b2c;'><\/div><\/div><div class='av-image-hotspot av-image-hotspot-10 av-permanent-tooltip' data-avia-tooltip-position='left' data-avia-tooltip-alignment='centered' data-avia-tooltip-class='av-tt-default-width av-tt-pos-left av-tt-align-centered  av-mobile-fallback-active  av-permanent-tooltip-single  transparent_dark av-tt-hotspot' data-avia-tooltip='&lt;p&gt;CANOPY CERRO LOPEZ&lt;\/p&gt;\n' style='top: 81.7%; left: 59.1%; '><a href=https:\/\/canopypro.com\/?p=508  class='av-image-hotspot_inner' style='background-color: #b02b2c; '>10<\/a><div class='av-image-hotspot-pulse' style='background-color:#b02b2c;'><\/div><\/div><div class='av-image-hotspot av-image-hotspot-11 av-permanent-tooltip' data-avia-tooltip-position='top' data-avia-tooltip-alignment='centered' data-avia-tooltip-class='av-tt-default-width av-tt-pos-above av-tt-align-centered  av-mobile-fallback-active  av-permanent-tooltip-single  transparent_dark av-tt-hotspot' data-avia-tooltip='&lt;p&gt;CANOPY GREEN BAKER LODGE&lt;\/p&gt;\n' style='top: 31.1%; left: 8.1%; '><a href=https:\/\/canopypro.com\/?p=491  class='av-image-hotspot_inner' style='background-color: #b02b2c; '>11<\/a><div class='av-image-hotspot-pulse' style='background-color:#b02b2c;'><\/div><\/div><div class='av-image-hotspot av-image-hotspot-12 av-permanent-tooltip' data-avia-tooltip-position='top' data-avia-tooltip-alignment='left' data-avia-tooltip-class='av-tt-default-width av-tt-pos-above av-tt-align-left  av-mobile-fallback-active  av-permanent-tooltip-single  transparent_dark av-tt-hotspot' data-avia-tooltip='&lt;p&gt;CANOPY GLACIAR EXPLORADORES&lt;\/p&gt;\n' style='top: 54.1%; left: 7.3%; '><a href=https:\/\/canopypro.com\/?p=595  class='av-image-hotspot_inner' style='background-color: #b02b2c; '>12<\/a><div class='av-image-hotspot-pulse' style='background-color:#b02b2c;'><\/div><\/div><img decoding=\"async\" class='wp-image-748 avia-img-lazy-loading-not-748 avia_image' src=\"https:\/\/canopypro.com\/wp-content\/uploads\/2015\/04\/mapa-canopy5.jpg\" alt='' title='mapa-canopy'  height=\"772\" width=\"2637\"  itemprop=\"thumbnailUrl\" srcset=\"https:\/\/canopypro.com\/wp-content\/uploads\/2015\/04\/mapa-canopy5.jpg 2637w, https:\/\/canopypro.com\/wp-content\/uploads\/2015\/04\/mapa-canopy5-300x88.jpg 300w, https:\/\/canopypro.com\/wp-content\/uploads\/2015\/04\/mapa-canopy5-1030x302.jpg 1030w, https:\/\/canopypro.com\/wp-content\/uploads\/2015\/04\/mapa-canopy5-1500x439.jpg 1500w, https:\/\/canopypro.com\/wp-content\/uploads\/2015\/04\/mapa-canopy5-705x206.jpg 705w, https:\/\/canopypro.com\/wp-content\/uploads\/2015\/04\/mapa-canopy5-450x132.jpg 450w\" sizes=\"(max-width: 2637px) 100vw, 2637px\" \/><\/div><\/div><\/div><div class='av-hotspot-fallback-tooltip av-image-hotspot-1 av-permanent-tooltip'><div class='av-hotspot-fallback-tooltip-count'>1<div class='avia-arrow'><\/div><\/div><div class='av-hotspot-fallback-tooltip-inner clearfix'><p>\nCANOPY PLAYA BLANCA<\/p>\n<\/div><\/div><div class='av-hotspot-fallback-tooltip av-image-hotspot-2 av-permanent-tooltip'><div class='av-hotspot-fallback-tooltip-count'>2<div class='avia-arrow'><\/div><\/div><div class='av-hotspot-fallback-tooltip-inner clearfix'><p>\nCANOPY BOSQUE AVENTURA<\/p>\n<\/div><\/div><div class='av-hotspot-fallback-tooltip av-image-hotspot-3 av-permanent-tooltip'><div class='av-hotspot-fallback-tooltip-count'>3<div class='avia-arrow'><\/div><\/div><div class='av-hotspot-fallback-tooltip-inner clearfix'><p>\nCANOPY CHOLLINCO<\/p>\n<\/div><\/div><div class='av-hotspot-fallback-tooltip av-image-hotspot-4 av-permanent-tooltip'><div class='av-hotspot-fallback-tooltip-count'>4<div class='avia-arrow'><\/div><\/div><div class='av-hotspot-fallback-tooltip-inner clearfix'><p>\nCANOPY CHAPELCO<\/p>\n<\/div><\/div><div class='av-hotspot-fallback-tooltip av-image-hotspot-5 av-permanent-tooltip'><div class='av-hotspot-fallback-tooltip-count'>5<div class='avia-arrow'><\/div><\/div><div class='av-hotspot-fallback-tooltip-inner clearfix'><p>\nARBORISMO CHAPELCO<\/p>\n<\/div><\/div><div class='av-hotspot-fallback-tooltip av-image-hotspot-6 av-permanent-tooltip'><div class='av-hotspot-fallback-tooltip-count'>6<div class='avia-arrow'><\/div><\/div><div class='av-hotspot-fallback-tooltip-inner clearfix'><p>\nCANOPY PUYEHUE<\/p>\n<\/div><\/div><div class='av-hotspot-fallback-tooltip av-image-hotspot-7 av-permanent-tooltip'><div class='av-hotspot-fallback-tooltip-count'>7<div class='avia-arrow'><\/div><\/div><div class='av-hotspot-fallback-tooltip-inner clearfix'><p>\nCANOPY CASCADA<\/p>\n<\/div><\/div><div class='av-hotspot-fallback-tooltip av-image-hotspot-8 av-permanent-tooltip'><div class='av-hotspot-fallback-tooltip-count'>8<div class='avia-arrow'><\/div><\/div><div class='av-hotspot-fallback-tooltip-inner clearfix'><p>\nCANOPY AVENTURA<\/p>\n<\/div><\/div><div class='av-hotspot-fallback-tooltip av-image-hotspot-9 av-permanent-tooltip'><div class='av-hotspot-fallback-tooltip-count'>9<div class='avia-arrow'><\/div><\/div><div class='av-hotspot-fallback-tooltip-inner clearfix'><p>\nCANOPY PEULLA<\/p>\n<\/div><\/div><div class='av-hotspot-fallback-tooltip av-image-hotspot-10 av-permanent-tooltip'><div class='av-hotspot-fallback-tooltip-count'>10<div class='avia-arrow'><\/div><\/div><div class='av-hotspot-fallback-tooltip-inner clearfix'><p>\nCANOPY CERRO LOPEZ<\/p>\n<\/div><\/div><div class='av-hotspot-fallback-tooltip av-image-hotspot-11 av-permanent-tooltip'><div class='av-hotspot-fallback-tooltip-count'>11<div class='avia-arrow'><\/div><\/div><div class='av-hotspot-fallback-tooltip-inner clearfix'><p>\nCANOPY GREEN BAKER LODGE<\/p>\n<\/div><\/div><div class='av-hotspot-fallback-tooltip av-image-hotspot-12 av-permanent-tooltip'><div class='av-hotspot-fallback-tooltip-count'>12<div class='avia-arrow'><\/div><\/div><div class='av-hotspot-fallback-tooltip-inner clearfix'><p>\nCANOPY GLACIAR EXPLORADORES<\/p>\n<\/div><\/div><\/div>\n<div  style='padding-bottom:10px; ' class='av-special-heading av-special-heading-h3    avia-builder-el-1  el_after_av_image_hotspot  el_before_av_textblock  avia-builder-el-first  '><h3 class='av-special-heading-tag '  itemprop=\"headline\"  >ACTIVIDAD GENERAL<\/h3><div class='special-heading-border'><div class='special-heading-inner-border' ><\/div><\/div><\/div>\n<section class=\"av_textblock_section \"  itemscope=\"itemscope\" itemtype=\"https:\/\/schema.org\/CreativeWork\" ><div class='avia_textblock  '   itemprop=\"text\" ><p>Ofrecemos un servicio integral para el dise\u00f1o, evaluaci\u00f3n t\u00e9cnico-econ\u00f3mica, construcci\u00f3n, administraci\u00f3n, capacitaci\u00f3n y control de un n\u00famero ilimitado de actividades out-doors, destinados potenciar la recreaci\u00f3n y formaci\u00f3n de la familia, la comunidad y el turismo al aire libre de espacios p\u00fablicos y privados, urbanos y rurales mediante la interacci\u00f3n con la naturaleza. De entre estas actividades, destaca nuestro expertismo en el Deporte Aventura del Canopy, los Arborismos, Rapeles y construcci\u00f3n en altura.<\/p>\n<p><strong> EXPERIENCIA DE CANOPYPRO<\/strong><br \/>\nHemos dise\u00f1ado y construido trece circuitos de Canopy-Aventura algunos de los m\u00e1s conocidos del Cono Sur, dise\u00f1ado y aplicado la capacitaci\u00f3n de sus gu\u00edas, dise\u00f1ado y aplicado los sistemas administrativos y de control, y realizado la evaluaci\u00f3n t\u00e9cnico-econ\u00f3mica de ellos. Hoy constituyen proyectos exitosos en pleno funcionamiento.<\/p>\n<\/div><\/section>\n\n","protected":false},"excerpt":{"rendered":"","protected":false},"author":1,"featured_media":0,"parent":0,"menu_order":0,"comment_status":"open","ping_status":"open","template":"","meta":{"footnotes":""},"_links":{"self":[{"href":"https:\/\/canopypro.com\/index.php?rest_route=\/wp\/v2\/pages\/435"}],"collection":[{"href":"https:\/\/canopypro.com\/index.php?rest_route=\/wp\/v2\/pages"}],"about":[{"href":"https:\/\/canopypro.com\/index.php?rest_route=\/wp\/v2\/types\/page"}],"author":[{"embeddable":true,"href":"https:\/\/canopypro.com\/index.php?rest_route=\/wp\/v2\/users\/1"}],"replies":[{"embeddable":true,"href":"https:\/\/canopypro.com\/index.php?rest_route=%2Fwp%2Fv2%2Fcomments&post=435"}],"version-history":[{"count":12,"href":"https:\/\/canopypro.com\/index.php?rest_route=\/wp\/v2\/pages\/435\/revisions"}],"predecessor-version":[{"id":851,"href":"https:\/\/canopypro.com\/index.php?rest_route=\/wp\/v2\/pages\/435\/revisions\/851"}],"wp:attachment":[{"href":"https:\/\/canopypro.com\/index.php?rest_route=%2Fwp%2Fv2%2Fmedia&parent=435"}],"curies":[{"name":"wp","href":"https:\/\/api.w.org\/{rel}","templated":true}]}}