{"id":441,"date":"2015-04-09T20:46:41","date_gmt":"2015-04-09T20:46:41","guid":{"rendered":"http:\/\/canopypro.com\/new\/?page_id=441"},"modified":"2015-04-22T11:17:11","modified_gmt":"2015-04-22T11:17:11","slug":"curriculum-socios","status":"publish","type":"page","link":"https:\/\/canopypro.com\/?page_id=441","title":{"rendered":"CURRICULUM SOCIOS"},"content":{"rendered":"<div  style='padding-bottom:10px; ' class='av-special-heading av-special-heading-h3    avia-builder-el-0  el_before_av_two_fifth  avia-builder-el-first  '><h3 class='av-special-heading-tag '  itemprop=\"headline\"  >SOCIOS<\/h3><div class='special-heading-border'><div class='special-heading-inner-border' ><\/div><\/div><\/div>\n<div class=\"flex_column av_two_fifth  flex_column_div first  avia-builder-el-1  el_after_av_heading  el_before_av_three_fifth  \" ><div  class='avia-image-container avia_animated_image avia_animate_when_almost_visible pop-up av-styling-circle av-hover-grow   avia-builder-el-2  avia-builder-el-no-sibling  avia-align-center '  itemprop=\"image\" itemscope=\"itemscope\" itemtype=\"https:\/\/schema.org\/ImageObject\"  ><div class='avia-image-container-inner'><div class='avia-image-overlay-wrap'><img decoding=\"async\" class='wp-image-680 avia-img-lazy-loading-not-680 avia_image' src=\"https:\/\/canopypro.com\/wp-content\/uploads\/2015\/04\/pabloortuzar.foto_.jpg\" alt='' title='pabloortuzar.foto' height=\"179\" width=\"150\"  itemprop=\"thumbnailUrl\"  \/><\/div><\/div><\/div><\/div>\n<div class=\"flex_column av_three_fifth  flex_column_div   avia-builder-el-3  el_after_av_two_fifth  el_before_av_hr  \" ><p><div  style='padding-bottom:10px; ' class='av-special-heading av-special-heading-h3    avia-builder-el-4  el_before_av_textblock  avia-builder-el-first  '><h3 class='av-special-heading-tag '  itemprop=\"headline\"  >PABLO ORT\u00d9ZAR ALDUNATE : DIRECTOR EJECUTIVO<\/h3><div class='special-heading-border'><div class='special-heading-inner-border' ><\/div><\/div><\/div><br \/>\n<section class=\"av_textblock_section \"  itemscope=\"itemscope\" itemtype=\"https:\/\/schema.org\/CreativeWork\" ><div class='avia_textblock  '   itemprop=\"text\" ><ul>\n<li>Economista P. U. Cat\u00f3lica,\u00a0 Stgo.,\u00a0 Chile<\/li>\n<li>M.Arts Universidad de Sussex, UK<\/li>\n<li>M. Philosophy (Ca) Universidad de Cambridge, UK<\/li>\n<li>Consultor de Empresas, Director\u00a0Ejecutivo Strong Ltda.<\/li>\n<li>Socio Gestor Inmobiliaria &amp; Colegio Puerto Varas<\/li>\n<li>Director Ejecutivo Team Building Chile<\/li>\n<li>Armador &amp; Capit\u00e1n Yate\u00a0 Capitan Haase<\/li>\n<li>Past-President Grupo de Monta\u00f1a, P.U.C<\/li>\n<li>Biling\u00fce: Espa\u00f1ol &#8211; Ingl\u00e9s<\/li>\n<\/ul>\n<\/div><\/section><\/p><\/div>\n<div   class='hr hr-default   avia-builder-el-6  el_after_av_three_fifth  el_before_av_two_fifth '><span class='hr-inner ' ><span class='hr-inner-style'><\/span><\/span><\/div>\n<div class=\"flex_column av_two_fifth  flex_column_div first  avia-builder-el-7  el_after_av_hr  el_before_av_three_fifth  \" ><div  class='avia-image-container  av-styling-circle av-hover-grow   avia-builder-el-8  avia-builder-el-no-sibling  avia-align-center '  itemprop=\"image\" itemscope=\"itemscope\" itemtype=\"https:\/\/schema.org\/ImageObject\"  ><div class='avia-image-container-inner'><div class='avia-image-overlay-wrap'><img decoding=\"async\" class='wp-image-682 avia-img-lazy-loading-not-682 avia_image' src=\"https:\/\/canopypro.com\/wp-content\/uploads\/2015\/04\/nuestroequipo-3.jpg\" alt='' title='nuestroequipo-3' height=\"163\" width=\"150\"  itemprop=\"thumbnailUrl\"  \/><\/div><\/div><\/div><\/div>\n<div class=\"flex_column av_three_fifth  flex_column_div   avia-builder-el-9  el_after_av_two_fifth  el_before_av_heading  \" ><p><div  style='padding-bottom:10px; ' class='av-special-heading av-special-heading-h3    avia-builder-el-10  el_before_av_textblock  avia-builder-el-first  '><h3 class='av-special-heading-tag '  itemprop=\"headline\"  >GERMAN CASELLA AHUMADA: DIRECTOR T\u00c9CNICO<\/h3><div class='special-heading-border'><div class='special-heading-inner-border' ><\/div><\/div><\/div><br \/>\n<section class=\"av_textblock_section \"  itemscope=\"itemscope\" itemtype=\"https:\/\/schema.org\/CreativeWork\" ><div class='avia_textblock  '   itemprop=\"text\" ><ul>\n<li>Bachiller en Comunicaciones CBU, Bariloche Argentina<\/li>\n<li>T\u00e9cnico Mec\u00e1nico , Bariloche Argentina<\/li>\n<li>Dise\u00f1o Industrial, Kray (Buenos Aires) Argentina.<\/li>\n<li>Dise\u00f1ador &amp; Constructor Circuitos de Canopy Aventura, Argentina &amp; Chile<\/li>\n<\/ul>\n<\/div><\/section><\/p><\/div>\n<div  style='padding-bottom:10px; ' class='av-special-heading av-special-heading-h3    avia-builder-el-12  el_after_av_three_fifth  el_before_av_two_fifth  '><h3 class='av-special-heading-tag '  itemprop=\"headline\"  >COLABORADORES<\/h3><div class='special-heading-border'><div class='special-heading-inner-border' ><\/div><\/div><\/div>\n<div class=\"flex_column av_two_fifth  flex_column_div first  avia-builder-el-13  el_after_av_heading  el_before_av_three_fifth  \" ><div  class='avia-image-container  av-styling-circle av-hover-grow   avia-builder-el-14  avia-builder-el-no-sibling  avia-align-center '  itemprop=\"image\" itemscope=\"itemscope\" itemtype=\"https:\/\/schema.org\/ImageObject\"  ><div class='avia-image-container-inner'><div class='avia-image-overlay-wrap'><img decoding=\"async\" class='wp-image-755 avia-img-lazy-loading-not-755 avia_image' src=\"https:\/\/canopypro.com\/wp-content\/uploads\/2015\/04\/Alej-larripa-180x180.jpg\" alt='' title='Alej-larripa' height=\"180\" width=\"180\"  itemprop=\"thumbnailUrl\" srcset=\"https:\/\/canopypro.com\/wp-content\/uploads\/2015\/04\/Alej-larripa-180x180.jpg 180w, https:\/\/canopypro.com\/wp-content\/uploads\/2015\/04\/Alej-larripa-80x80.jpg 80w, https:\/\/canopypro.com\/wp-content\/uploads\/2015\/04\/Alej-larripa-36x36.jpg 36w, https:\/\/canopypro.com\/wp-content\/uploads\/2015\/04\/Alej-larripa-120x120.jpg 120w\" sizes=\"(max-width: 180px) 100vw, 180px\" \/><\/div><\/div><\/div><\/div>\n<div class=\"flex_column av_three_fifth  flex_column_div   avia-builder-el-15  el_after_av_two_fifth  el_before_av_hr  \" ><p><div  style='padding-bottom:10px; ' class='av-special-heading av-special-heading-h3    avia-builder-el-16  el_before_av_textblock  avia-builder-el-first  '><h3 class='av-special-heading-tag '  itemprop=\"headline\"  >ALEJANDRO LARRIPA<\/h3><div class='special-heading-border'><div class='special-heading-inner-border' ><\/div><\/div><\/div><br \/>\n<section class=\"av_textblock_section \"  itemscope=\"itemscope\" itemtype=\"https:\/\/schema.org\/CreativeWork\" ><div class='avia_textblock  '   itemprop=\"text\" ><ul>\n<li>Fot\u00f3grafo<\/li>\n<li>Gu\u00eda Especializado<\/li>\n<li>Dise\u00f1ador &amp; Constructor Circuitos de Canopy Aventura, Argentina &amp; Chile<\/li>\n<\/ul>\n<\/div><\/section><\/p><\/div>\n<div   class='hr hr-default   avia-builder-el-18  el_after_av_three_fifth  el_before_av_two_fifth '><span class='hr-inner ' ><span class='hr-inner-style'><\/span><\/span><\/div>\n<div class=\"flex_column av_two_fifth  flex_column_div first  avia-builder-el-19  el_after_av_hr  el_before_av_three_fifth  \" ><div  class='avia-image-container  av-styling-circle av-hover-grow   avia-builder-el-20  avia-builder-el-no-sibling  avia-align-center '  itemprop=\"image\" itemscope=\"itemscope\" itemtype=\"https:\/\/schema.org\/ImageObject\"  ><div class='avia-image-container-inner'><div class='avia-image-overlay-wrap'><img decoding=\"async\" class='wp-image-756 avia-img-lazy-loading-not-756 avia_image' src=\"https:\/\/canopypro.com\/wp-content\/uploads\/2015\/04\/felipe--180x180.jpg\" alt='' title='felipe-' height=\"180\" width=\"180\"  itemprop=\"thumbnailUrl\" srcset=\"https:\/\/canopypro.com\/wp-content\/uploads\/2015\/04\/felipe--180x180.jpg 180w, https:\/\/canopypro.com\/wp-content\/uploads\/2015\/04\/felipe--80x80.jpg 80w, https:\/\/canopypro.com\/wp-content\/uploads\/2015\/04\/felipe--36x36.jpg 36w, https:\/\/canopypro.com\/wp-content\/uploads\/2015\/04\/felipe--120x120.jpg 120w\" sizes=\"(max-width: 180px) 100vw, 180px\" \/><\/div><\/div><\/div><\/div>\n<div class=\"flex_column av_three_fifth  flex_column_div   avia-builder-el-21  el_after_av_two_fifth  avia-builder-el-last  \" ><p><div  style='padding-bottom:10px; ' class='av-special-heading av-special-heading-h3    avia-builder-el-22  el_before_av_textblock  avia-builder-el-first  '><h3 class='av-special-heading-tag '  itemprop=\"headline\"  >FELIPE CONTRERAS<\/h3><div class='special-heading-border'><div class='special-heading-inner-border' ><\/div><\/div><\/div><br \/>\n<section class=\"av_textblock_section \"  itemscope=\"itemscope\" itemtype=\"https:\/\/schema.org\/CreativeWork\" ><div class='avia_textblock  '   itemprop=\"text\" ><ul>\n<li>Fot\u00f3grafo Deportivo<\/li>\n<li>Gu\u00eda Especializado<\/li>\n<li>Dise\u00f1ador &amp; Constructor Circuitos de Canopy Aventura, Argentina &amp; Chile<\/li>\n<\/ul>\n<\/div><\/section><\/p><\/div>\n","protected":false},"excerpt":{"rendered":"","protected":false},"author":1,"featured_media":0,"parent":433,"menu_order":0,"comment_status":"open","ping_status":"open","template":"","meta":{"footnotes":""},"_links":{"self":[{"href":"https:\/\/canopypro.com\/index.php?rest_route=\/wp\/v2\/pages\/441"}],"collection":[{"href":"https:\/\/canopypro.com\/index.php?rest_route=\/wp\/v2\/pages"}],"about":[{"href":"https:\/\/canopypro.com\/index.php?rest_route=\/wp\/v2\/types\/page"}],"author":[{"embeddable":true,"href":"https:\/\/canopypro.com\/index.php?rest_route=\/wp\/v2\/users\/1"}],"replies":[{"embeddable":true,"href":"https:\/\/canopypro.com\/index.php?rest_route=%2Fwp%2Fv2%2Fcomments&post=441"}],"version-history":[{"count":9,"href":"https:\/\/canopypro.com\/index.php?rest_route=\/wp\/v2\/pages\/441\/revisions"}],"predecessor-version":[{"id":758,"href":"https:\/\/canopypro.com\/index.php?rest_route=\/wp\/v2\/pages\/441\/revisions\/758"}],"up":[{"embeddable":true,"href":"https:\/\/canopypro.com\/index.php?rest_route=\/wp\/v2\/pages\/433"}],"wp:attachment":[{"href":"https:\/\/canopypro.com\/index.php?rest_route=%2Fwp%2Fv2%2Fmedia&parent=441"}],"curies":[{"name":"wp","href":"https:\/\/api.w.org\/{rel}","templated":true}]}}