{"id":443,"date":"2015-04-09T20:47:11","date_gmt":"2015-04-09T20:47:11","guid":{"rendered":"http:\/\/canopypro.com\/new\/?page_id=443"},"modified":"2015-04-16T14:56:25","modified_gmt":"2015-04-16T14:56:25","slug":"que-hacemos","status":"publish","type":"page","link":"https:\/\/canopypro.com\/?page_id=443","title":{"rendered":"QUE HACEMOS"},"content":{"rendered":"<div  style='padding-bottom:10px; ' class='av-special-heading av-special-heading-h3    avia-builder-el-0  el_before_av_one_fourth  avia-builder-el-first  '><h3 class='av-special-heading-tag '  itemprop=\"headline\"  >QUE HACEMOS<\/h3><div class='special-heading-border'><div class='special-heading-inner-border' ><\/div><\/div><\/div>\n<div class=\"flex_column av_one_fourth  flex_column_div first  avia-builder-el-1  el_after_av_heading  el_before_av_one_fourth  \" ><div  class='avia-image-container avia_animated_image avia_animate_when_almost_visible pop-up av-styling-circle    avia-builder-el-2  avia-builder-el-no-sibling  avia-align-center '  itemprop=\"image\" itemscope=\"itemscope\" itemtype=\"https:\/\/schema.org\/ImageObject\"  ><div class='avia-image-container-inner'><div class='avia-image-overlay-wrap'><a href='https:\/\/canopypro.com\/?page_id=435' class='avia_image'  ><img decoding=\"async\" width=\"300\" height=\"225\" class='wp-image-538 avia-img-lazy-loading-not-538 avia_image' src=\"https:\/\/canopypro.com\/wp-content\/uploads\/2015\/04\/DSC00563-300x225.jpg\" alt='' title='DSC00563'  itemprop=\"thumbnailUrl\" srcset=\"https:\/\/canopypro.com\/wp-content\/uploads\/2015\/04\/DSC00563-300x225.jpg 300w, https:\/\/canopypro.com\/wp-content\/uploads\/2015\/04\/DSC00563-705x529.jpg 705w, https:\/\/canopypro.com\/wp-content\/uploads\/2015\/04\/DSC00563-450x338.jpg 450w, https:\/\/canopypro.com\/wp-content\/uploads\/2015\/04\/DSC00563.jpg 737w\" sizes=\"(max-width: 300px) 100vw, 300px\" \/><\/a><\/div><\/div><\/div><\/div>\n<div class=\"flex_column av_one_fourth  flex_column_div   avia-builder-el-3  el_after_av_one_fourth  el_before_av_one_fourth  \" ><p><div  style='padding-bottom:10px; ' class='av-special-heading av-special-heading-h5    avia-builder-el-4  el_before_av_textblock  avia-builder-el-first  '><h5 class='av-special-heading-tag '  itemprop=\"headline\"  >CONOZCA NUESTROS CIRCUITOS<\/h5><div class='special-heading-border'><div class='special-heading-inner-border' ><\/div><\/div><\/div><br \/>\n<section class=\"av_textblock_section \"  itemscope=\"itemscope\" itemtype=\"https:\/\/schema.org\/CreativeWork\" ><div class='avia_textblock  '   itemprop=\"text\" ><p>Ofrecemos un servicio integral para el dise\u00f1o, evaluaci\u00f3n t\u00e9cnico-econ\u00f3mica, construcci\u00f3n, administraci\u00f3n, capacitaci\u00f3n y control de un amplio conjunto\u00a0de actividades out-doors.<\/p>\n<\/div><\/section><br \/>\n<div  class='avia-button-wrap avia-button-center  avia-builder-el-6  el_after_av_textblock  avia-builder-el-last ' ><a href='https:\/\/canopypro.com\/?page_id=435'  class='avia-button  avia-color-theme-color   avia-icon_select-yes-left-icon avia-size-small avia-position-center '   ><span class='avia_button_icon avia_button_icon_left ' aria-hidden='true' data-av_icon='\ue812' data-av_iconfont='entypo-fontello'><\/span><span class='avia_iconbox_title' >Ver m\u00e1s<\/span><\/a><\/div><\/p><\/div>\n<div class=\"flex_column av_one_fourth  flex_column_div   avia-builder-el-7  el_after_av_one_fourth  el_before_av_one_fourth  \" ><div  class='avia-image-container  av-styling-circle av-hover-grow   avia-builder-el-8  avia-builder-el-no-sibling  avia-align-center '  itemprop=\"image\" itemscope=\"itemscope\" itemtype=\"https:\/\/schema.org\/ImageObject\"  ><div class='avia-image-container-inner'><div class='avia-image-overlay-wrap'><a href='https:\/\/canopypro.com\/?page_id=698' class='avia_image'  ><img decoding=\"async\" width=\"300\" height=\"225\" class='wp-image-543 avia-img-lazy-loading-not-543 avia_image' src=\"https:\/\/canopypro.com\/wp-content\/uploads\/2015\/04\/IMG_2495-300x225.jpg\" alt='' title='IMG_2495'  itemprop=\"thumbnailUrl\" srcset=\"https:\/\/canopypro.com\/wp-content\/uploads\/2015\/04\/IMG_2495-300x225.jpg 300w, https:\/\/canopypro.com\/wp-content\/uploads\/2015\/04\/IMG_2495-450x338.jpg 450w, https:\/\/canopypro.com\/wp-content\/uploads\/2015\/04\/IMG_2495.jpg 640w\" sizes=\"(max-width: 300px) 100vw, 300px\" \/><\/a><\/div><\/div><\/div><\/div><div class=\"flex_column av_one_fourth  flex_column_div   avia-builder-el-9  el_after_av_one_fourth  avia-builder-el-last  \" ><p><div  style='padding-bottom:10px; ' class='av-special-heading av-special-heading-h5    avia-builder-el-10  el_before_av_textblock  avia-builder-el-first  '><h5 class='av-special-heading-tag '  itemprop=\"headline\"  >ACTIVIDADES COMPLEMENTARIAS DE DISE\u00d1O T\u00c9CNICO Y CAPACITACI\u00d3N<\/h5><div class='special-heading-border'><div class='special-heading-inner-border' ><\/div><\/div><\/div><br \/>\n<section class=\"av_textblock_section \"  itemscope=\"itemscope\" itemtype=\"https:\/\/schema.org\/CreativeWork\" ><div class='avia_textblock  '   itemprop=\"text\" ><p>Lo invitamos a ver nuestras actividades complementarias.<\/p>\n<\/div><\/section><br \/>\n<div  class='avia-button-wrap avia-button-center  avia-builder-el-12  el_after_av_textblock  avia-builder-el-last ' ><a href='https:\/\/canopypro.com\/?page_id=698'  class='avia-button  avia-color-theme-color   avia-icon_select-yes-left-icon avia-size-small avia-position-center '   ><span class='avia_button_icon avia_button_icon_left ' aria-hidden='true' data-av_icon='\ue812' data-av_iconfont='entypo-fontello'><\/span><span class='avia_iconbox_title' >Ver m\u00e1s<\/span><\/a><\/div><\/p><\/div><\/p>\n","protected":false},"excerpt":{"rendered":"","protected":false},"author":1,"featured_media":0,"parent":433,"menu_order":0,"comment_status":"open","ping_status":"open","template":"","meta":{"footnotes":""},"_links":{"self":[{"href":"https:\/\/canopypro.com\/index.php?rest_route=\/wp\/v2\/pages\/443"}],"collection":[{"href":"https:\/\/canopypro.com\/index.php?rest_route=\/wp\/v2\/pages"}],"about":[{"href":"https:\/\/canopypro.com\/index.php?rest_route=\/wp\/v2\/types\/page"}],"author":[{"embeddable":true,"href":"https:\/\/canopypro.com\/index.php?rest_route=\/wp\/v2\/users\/1"}],"replies":[{"embeddable":true,"href":"https:\/\/canopypro.com\/index.php?rest_route=%2Fwp%2Fv2%2Fcomments&post=443"}],"version-history":[{"count":10,"href":"https:\/\/canopypro.com\/index.php?rest_route=\/wp\/v2\/pages\/443\/revisions"}],"predecessor-version":[{"id":690,"href":"https:\/\/canopypro.com\/index.php?rest_route=\/wp\/v2\/pages\/443\/revisions\/690"}],"up":[{"embeddable":true,"href":"https:\/\/canopypro.com\/index.php?rest_route=\/wp\/v2\/pages\/433"}],"wp:attachment":[{"href":"https:\/\/canopypro.com\/index.php?rest_route=%2Fwp%2Fv2%2Fmedia&parent=443"}],"curies":[{"name":"wp","href":"https:\/\/api.w.org\/{rel}","templated":true}]}}