{"id":698,"date":"2015-04-16T14:55:27","date_gmt":"2015-04-16T14:55:27","guid":{"rendered":"http:\/\/canopypro.com\/new\/?page_id=698"},"modified":"2015-04-16T15:29:16","modified_gmt":"2015-04-16T15:29:16","slug":"actividades-complementarias","status":"publish","type":"page","link":"https:\/\/canopypro.com\/?page_id=698","title":{"rendered":"ACTIVIDADES COMPLEMENTARIAS"},"content":{"rendered":"<div  style='padding-bottom:10px; ' class='av-special-heading av-special-heading-h3    avia-builder-el-0  el_before_av_hr  avia-builder-el-first  '><h3 class='av-special-heading-tag '  itemprop=\"headline\"  >ACTIVIDADES COMPLEMENTARIAS<\/h3><div class='special-heading-border'><div class='special-heading-inner-border' ><\/div><\/div><\/div>\n<div  style='height:50px' class='hr hr-invisible   avia-builder-el-1  el_after_av_heading  el_before_av_one_half '><span class='hr-inner ' ><span class='hr-inner-style'><\/span><\/span><\/div>\n<div class=\"flex_column av_one_half  flex_column_div first  avia-builder-el-2  el_after_av_hr  el_before_av_one_half  \" ><div  class='avia-image-container avia_animated_image avia_animate_when_almost_visible pop-up av-styling-circle av-hover-grow   avia-builder-el-3  avia-builder-el-no-sibling  avia-align-right '  itemprop=\"image\" itemscope=\"itemscope\" itemtype=\"https:\/\/schema.org\/ImageObject\"  ><div class='avia-image-container-inner'><div class='avia-image-overlay-wrap'><img decoding=\"async\" class='wp-image-711 avia-img-lazy-loading-not-711 avia_image' src=\"https:\/\/canopypro.com\/wp-content\/uploads\/2015\/04\/diseno1.jpg\" alt='' title='diseno' height=\"180\" width=\"180\"  itemprop=\"thumbnailUrl\" srcset=\"https:\/\/canopypro.com\/wp-content\/uploads\/2015\/04\/diseno1.jpg 180w, https:\/\/canopypro.com\/wp-content\/uploads\/2015\/04\/diseno1-80x80.jpg 80w, https:\/\/canopypro.com\/wp-content\/uploads\/2015\/04\/diseno1-36x36.jpg 36w, https:\/\/canopypro.com\/wp-content\/uploads\/2015\/04\/diseno1-120x120.jpg 120w\" sizes=\"(max-width: 180px) 100vw, 180px\" \/><\/div><\/div><\/div><\/div>\n<div class=\"flex_column av_one_half  flex_column_div   avia-builder-el-4  el_after_av_one_half  el_before_av_one_half  \" ><section class=\"av_textblock_section \"  itemscope=\"itemscope\" itemtype=\"https:\/\/schema.org\/CreativeWork\" ><div class='avia_textblock  '   itemprop=\"text\" ><p><strong>DISE\u00d1O &amp; EVALUACI\u00d3N<\/strong><br \/>\nNos familiarizamos con\u00a0el terreno y el potencial t\u00e9cnico-econ\u00f3mico que\u00a0presenta. Dise\u00f1amos y realizamos la Evaluaci\u00f3n \u00a0Econ\u00f3mica del mismo.<\/p>\n<\/div><\/section><\/div>\n<div class=\"flex_column av_one_half  flex_column_div first  avia-builder-el-6  el_after_av_one_half  el_before_av_one_half  column-top-margin\" ><div  class='avia-image-container avia_animated_image avia_animate_when_almost_visible pop-up av-styling-circle av-hover-grow   avia-builder-el-7  avia-builder-el-no-sibling  avia-align-right '  itemprop=\"image\" itemscope=\"itemscope\" itemtype=\"https:\/\/schema.org\/ImageObject\"  ><div class='avia-image-container-inner'><div class='avia-image-overlay-wrap'><img decoding=\"async\" class='wp-image-562 avia-img-lazy-loading-not-562 avia_image' src=\"https:\/\/canopypro.com\/wp-content\/uploads\/2015\/04\/esqueleto-180x180.jpg\" alt='' title='esqueleto' height=\"180\" width=\"180\"  itemprop=\"thumbnailUrl\" srcset=\"https:\/\/canopypro.com\/wp-content\/uploads\/2015\/04\/esqueleto-180x180.jpg 180w, https:\/\/canopypro.com\/wp-content\/uploads\/2015\/04\/esqueleto-80x80.jpg 80w, https:\/\/canopypro.com\/wp-content\/uploads\/2015\/04\/esqueleto-36x36.jpg 36w, https:\/\/canopypro.com\/wp-content\/uploads\/2015\/04\/esqueleto-120x120.jpg 120w, https:\/\/canopypro.com\/wp-content\/uploads\/2015\/04\/esqueleto-450x450.jpg 450w\" sizes=\"(max-width: 180px) 100vw, 180px\" \/><\/div><\/div><\/div><\/div>\n<div class=\"flex_column av_one_half  flex_column_div   avia-builder-el-8  el_after_av_one_half  el_before_av_one_half  column-top-margin\" ><section class=\"av_textblock_section \"  itemscope=\"itemscope\" itemtype=\"https:\/\/schema.org\/CreativeWork\" ><div class='avia_textblock  '   itemprop=\"text\" ><p><strong>CONSTRUCCI\u00d3N<\/strong><br \/>\nConstruimos con los m\u00e1s altos\u00a0est\u00e1ndares de seguridad, m\u00e1ximo aprovechamiento\u00a0de las potencialidades que ofrece el terreno y m\u00ednimo\u00a0impacto ambiental.<\/p>\n<\/div><\/section><\/div>\n<div class=\"flex_column av_one_half  flex_column_div first  avia-builder-el-10  el_after_av_one_half  el_before_av_one_half  column-top-margin\" ><div  class='avia-image-container avia_animated_image avia_animate_when_almost_visible pop-up av-styling-circle av-hover-grow   avia-builder-el-11  avia-builder-el-no-sibling  avia-align-right '  itemprop=\"image\" itemscope=\"itemscope\" itemtype=\"https:\/\/schema.org\/ImageObject\"  ><div class='avia-image-container-inner'><div class='avia-image-overlay-wrap'><img decoding=\"async\" class='wp-image-591 avia-img-lazy-loading-not-591 avia_image' src=\"https:\/\/canopypro.com\/wp-content\/uploads\/2015\/04\/555839_361979793923547_1423320357_n-180x180.jpg\" alt='' title='555839_361979793923547_1423320357_n' height=\"180\" width=\"180\"  itemprop=\"thumbnailUrl\" srcset=\"https:\/\/canopypro.com\/wp-content\/uploads\/2015\/04\/555839_361979793923547_1423320357_n-180x180.jpg 180w, https:\/\/canopypro.com\/wp-content\/uploads\/2015\/04\/555839_361979793923547_1423320357_n-80x80.jpg 80w, https:\/\/canopypro.com\/wp-content\/uploads\/2015\/04\/555839_361979793923547_1423320357_n-36x36.jpg 36w, https:\/\/canopypro.com\/wp-content\/uploads\/2015\/04\/555839_361979793923547_1423320357_n-120x120.jpg 120w, https:\/\/canopypro.com\/wp-content\/uploads\/2015\/04\/555839_361979793923547_1423320357_n-450x450.jpg 450w\" sizes=\"(max-width: 180px) 100vw, 180px\" \/><\/div><\/div><\/div><\/div><div class=\"flex_column av_one_half  flex_column_div   avia-builder-el-12  el_after_av_one_half  el_before_av_one_half  column-top-margin\" ><section class=\"av_textblock_section \"  itemscope=\"itemscope\" itemtype=\"https:\/\/schema.org\/CreativeWork\" ><div class='avia_textblock  '   itemprop=\"text\" ><p><strong>MANTENCI\u00d3N &amp; SOPORTE<\/strong><br \/>\nCanopyPro ofrece soporte y mantenci\u00f3n sistem\u00e1ticos a sus clientes, de infraestructura, personal y equipos.<\/p>\n<\/div><\/section><\/div><\/p>\n<div class=\"flex_column av_one_half  flex_column_div first  avia-builder-el-14  el_after_av_one_half  el_before_av_one_half  column-top-margin\" ><div  class='avia-image-container avia_animated_image avia_animate_when_almost_visible pop-up av-styling-circle av-hover-grow   avia-builder-el-15  avia-builder-el-no-sibling  avia-align-right '  itemprop=\"image\" itemscope=\"itemscope\" itemtype=\"https:\/\/schema.org\/ImageObject\"  ><div class='avia-image-container-inner'><div class='avia-image-overlay-wrap'><img decoding=\"async\" class='wp-image-709 avia-img-lazy-loading-not-709 avia_image' src=\"https:\/\/canopypro.com\/wp-content\/uploads\/2015\/04\/actividades-180x180.jpg\" alt='' title='actividades' height=\"180\" width=\"180\"  itemprop=\"thumbnailUrl\" srcset=\"https:\/\/canopypro.com\/wp-content\/uploads\/2015\/04\/actividades-180x180.jpg 180w, https:\/\/canopypro.com\/wp-content\/uploads\/2015\/04\/actividades-80x80.jpg 80w, https:\/\/canopypro.com\/wp-content\/uploads\/2015\/04\/actividades-36x36.jpg 36w, https:\/\/canopypro.com\/wp-content\/uploads\/2015\/04\/actividades-120x120.jpg 120w\" sizes=\"(max-width: 180px) 100vw, 180px\" \/><\/div><\/div><\/div><\/div>\n<div class=\"flex_column av_one_half  flex_column_div   avia-builder-el-16  el_after_av_one_half  el_before_av_one_half  column-top-margin\" ><section class=\"av_textblock_section \"  itemscope=\"itemscope\" itemtype=\"https:\/\/schema.org\/CreativeWork\" ><div class='avia_textblock  '   itemprop=\"text\" ><p><strong>CONTROL &amp; ADMINISTRACI\u00d3N<\/strong><br \/>\nDise\u00f1amos y proveemos a nuestros clientes con sistemas administrativos-contables simples y eficientes para<br \/>\ncontrolar la puesta en marcha y operaci\u00f3n de las actividades.<\/p>\n<\/div><\/section><\/div>\n<div class=\"flex_column av_one_half  flex_column_div first  avia-builder-el-18  el_after_av_one_half  el_before_av_one_half  column-top-margin\" ><div  class='avia-image-container avia_animated_image avia_animate_when_almost_visible pop-up av-styling-circle av-hover-grow   avia-builder-el-19  avia-builder-el-no-sibling  avia-align-right '  itemprop=\"image\" itemscope=\"itemscope\" itemtype=\"https:\/\/schema.org\/ImageObject\"  ><div class='avia-image-container-inner'><div class='avia-image-overlay-wrap'><img decoding=\"async\" class='wp-image-712 avia-img-lazy-loading-not-712 avia_image' src=\"https:\/\/canopypro.com\/wp-content\/uploads\/2015\/04\/28551b_0cc12fd574b74417bdd88a82a2b934ae.jpg_srz_p_430_272_75_22_0.50_1.20_0.00_jpg_srz-180x180.jpg\" alt='' title='28551b_0cc12fd574b74417bdd88a82a2b934ae.jpg_srz_p_430_272_75_22_0.50_1.20_0.00_jpg_srz' height=\"180\" width=\"180\"  itemprop=\"thumbnailUrl\" srcset=\"https:\/\/canopypro.com\/wp-content\/uploads\/2015\/04\/28551b_0cc12fd574b74417bdd88a82a2b934ae.jpg_srz_p_430_272_75_22_0.50_1.20_0.00_jpg_srz-180x180.jpg 180w, https:\/\/canopypro.com\/wp-content\/uploads\/2015\/04\/28551b_0cc12fd574b74417bdd88a82a2b934ae.jpg_srz_p_430_272_75_22_0.50_1.20_0.00_jpg_srz-80x80.jpg 80w, https:\/\/canopypro.com\/wp-content\/uploads\/2015\/04\/28551b_0cc12fd574b74417bdd88a82a2b934ae.jpg_srz_p_430_272_75_22_0.50_1.20_0.00_jpg_srz-36x36.jpg 36w, https:\/\/canopypro.com\/wp-content\/uploads\/2015\/04\/28551b_0cc12fd574b74417bdd88a82a2b934ae.jpg_srz_p_430_272_75_22_0.50_1.20_0.00_jpg_srz-120x120.jpg 120w\" sizes=\"(max-width: 180px) 100vw, 180px\" \/><\/div><\/div><\/div><\/div>\n<div class=\"flex_column av_one_half  flex_column_div   avia-builder-el-20  el_after_av_one_half  avia-builder-el-last  column-top-margin\" ><section class=\"av_textblock_section \"  itemscope=\"itemscope\" itemtype=\"https:\/\/schema.org\/CreativeWork\" ><div class='avia_textblock  '   itemprop=\"text\" ><p><strong>OPERACI\u00d3N &amp; CAPACITACI\u00d3N<\/strong><br \/>\nCanopyPro entrega a sus clientes las rutinas probadas y actualizadas de operaci\u00f3n, atenci\u00f3n a p\u00fablico, mantenci\u00f3n y\u00a0capacitaci\u00f3n. Seleccionamos. Capacitamos y Certificamos al equipo de operaciones de los circuitos.<\/p>\n<\/div><\/section><\/div>\n","protected":false},"excerpt":{"rendered":"","protected":false},"author":1,"featured_media":0,"parent":0,"menu_order":0,"comment_status":"open","ping_status":"open","template":"","meta":{"footnotes":""},"_links":{"self":[{"href":"https:\/\/canopypro.com\/index.php?rest_route=\/wp\/v2\/pages\/698"}],"collection":[{"href":"https:\/\/canopypro.com\/index.php?rest_route=\/wp\/v2\/pages"}],"about":[{"href":"https:\/\/canopypro.com\/index.php?rest_route=\/wp\/v2\/types\/page"}],"author":[{"embeddable":true,"href":"https:\/\/canopypro.com\/index.php?rest_route=\/wp\/v2\/users\/1"}],"replies":[{"embeddable":true,"href":"https:\/\/canopypro.com\/index.php?rest_route=%2Fwp%2Fv2%2Fcomments&post=698"}],"version-history":[{"count":10,"href":"https:\/\/canopypro.com\/index.php?rest_route=\/wp\/v2\/pages\/698\/revisions"}],"predecessor-version":[{"id":714,"href":"https:\/\/canopypro.com\/index.php?rest_route=\/wp\/v2\/pages\/698\/revisions\/714"}],"wp:attachment":[{"href":"https:\/\/canopypro.com\/index.php?rest_route=%2Fwp%2Fv2%2Fmedia&parent=698"}],"curies":[{"name":"wp","href":"https:\/\/api.w.org\/{rel}","templated":true}]}}